{"id":3365,"date":"2016-12-09T17:17:56","date_gmt":"2016-12-09T16:17:56","guid":{"rendered":"https:\/\/trueprojekte.com\/foto\/?page_id=3365"},"modified":"2020-01-10T18:38:13","modified_gmt":"2020-01-10T17:38:13","slug":"impressum","status":"publish","type":"page","link":"https:\/\/trueprojekte.com\/foto\/impressum\/","title":{"rendered":"Impressum"},"content":{"rendered":"<p>Neuigkeiten\u00a0mit Informationen \u00fcber neue Bilder und Angebote werden an Bekannte, Familienmitglieder und Gesch\u00e4ftskontakte versandt. Diese Nutzer k\u00f6nnen dem Empfang der Newsletter jederzeit widersprechen, auch\u00a0in jeder E-Mail. Wir listen\u00a0die Adressaten\u00a0auf, um eine ordnungsgem\u00e4\u00dfe Anmeldung nachweisen zu k\u00f6nnen. Dazu speichern wir im Rahmen der Anmeldung den Anmelde- sowie den Best\u00e4tigungszeitpunkt und die IP-Adresse der Adressaten.<\/p>\n<p>Wir erfassen statistisch, welche Links die Adressaten\u00a0geklickt haben, um das Interesse an den Neuigkeiten abzusch\u00e4tzen. Mit der Anmeldung erkl\u00e4ren Sie sich mit dieser statistischen Erfassung einverstanden.<\/p>\n<p><a href=\"https:\/\/trueprojekte.com\/foto\/datenschutzerklaerung\/\" target=\"_blank\" rel=\"noopener noreferrer\"><span>Datenschutzerkl\u00e4rung\u00a0<\/span><\/a><\/p>\n","protected":false},"excerpt":{"rendered":"<p>Neuigkeiten\u00a0mit Informationen \u00fcber neue Bilder und Angebote werden an Bekannte, Familienmitglieder und Gesch\u00e4ftskontakte versandt. Diese Nutzer k\u00f6nnen dem Empfang der Newsletter jederzeit widersprechen, auch\u00a0in jeder E-Mail. Wir listen\u00a0die Adressaten\u00a0auf, um eine ordnungsgem\u00e4\u00dfe Anmeldung nachweisen zu k\u00f6nnen. Dazu speichern wir im Rahmen der Anmeldung den Anmelde- sowie den Best\u00e4tigungszeitpunkt und die IP-Adresse der Adressaten. Wir erfassen [&hellip;]<\/p>\n","protected":false},"author":2,"featured_media":0,"parent":0,"menu_order":0,"comment_status":"closed","ping_status":"closed","template":"","meta":{"_editorskit_title_hidden":false,"_editorskit_reading_time":0,"_editorskit_is_block_options_detached":false,"_editorskit_block_options_position":"{}","_coblocks_attr":"","_coblocks_dimensions":"","_coblocks_responsive_height":"","_coblocks_accordion_ie_support":"","footnotes":""},"class_list":["post-3365","page","type-page","status-publish","hentry","content-columns-1"],"yoast_head":"<!-- This site is optimized with the Yoast SEO plugin v27.5 - https:\/\/yoast.com\/product\/yoast-seo-wordpress\/ -->\n<title>Impressum - Emotionale Portr\u00e4ts, originelle Wandbilder<\/title>\n<meta name=\"robots\" content=\"index, follow, max-snippet:-1, max-image-preview:large, max-video-preview:-1\" \/>\n<link rel=\"canonical\" href=\"https:\/\/trueprojekte.com\/foto\/impressum\/\" \/>\n<meta property=\"og:locale\" content=\"de_DE\" \/>\n<meta property=\"og:type\" content=\"article\" \/>\n<meta property=\"og:title\" content=\"Impressum - Emotionale Portr\u00e4ts, originelle Wandbilder\" \/>\n<meta property=\"og:description\" content=\"Neuigkeiten\u00a0mit Informationen \u00fcber neue Bilder und Angebote werden an Bekannte, Familienmitglieder und Gesch\u00e4ftskontakte versandt. Diese Nutzer k\u00f6nnen dem Empfang der Newsletter jederzeit widersprechen, auch\u00a0in jeder E-Mail. Wir listen\u00a0die Adressaten\u00a0auf, um eine ordnungsgem\u00e4\u00dfe Anmeldung nachweisen zu k\u00f6nnen. Dazu speichern wir im Rahmen der Anmeldung den Anmelde- sowie den Best\u00e4tigungszeitpunkt und die IP-Adresse der Adressaten. Wir erfassen [&hellip;]\" \/>\n<meta property=\"og:url\" content=\"https:\/\/trueprojekte.com\/foto\/impressum\/\" \/>\n<meta property=\"og:site_name\" content=\"Emotionale Portr\u00e4ts, originelle Wandbilder\" \/>\n<meta property=\"article:publisher\" content=\"https:\/\/www.facebook.com\/true3715\" \/>\n<meta property=\"article:modified_time\" content=\"2020-01-10T17:38:13+00:00\" \/>\n<script type=\"application\/ld+json\" class=\"yoast-schema-graph\">{\"@context\":\"https:\\\/\\\/schema.org\",\"@graph\":[{\"@type\":\"WebPage\",\"@id\":\"https:\\\/\\\/trueprojekte.com\\\/foto\\\/impressum\\\/\",\"url\":\"https:\\\/\\\/trueprojekte.com\\\/foto\\\/impressum\\\/\",\"name\":\"Impressum - Emotionale Portr\u00e4ts, originelle Wandbilder\",\"isPartOf\":{\"@id\":\"https:\\\/\\\/trueprojekte.com\\\/foto\\\/#website\"},\"datePublished\":\"2016-12-09T16:17:56+00:00\",\"dateModified\":\"2020-01-10T17:38:13+00:00\",\"breadcrumb\":{\"@id\":\"https:\\\/\\\/trueprojekte.com\\\/foto\\\/impressum\\\/#breadcrumb\"},\"inLanguage\":\"de\",\"potentialAction\":[{\"@type\":\"ReadAction\",\"target\":[\"https:\\\/\\\/trueprojekte.com\\\/foto\\\/impressum\\\/\"]}]},{\"@type\":\"BreadcrumbList\",\"@id\":\"https:\\\/\\\/trueprojekte.com\\\/foto\\\/impressum\\\/#breadcrumb\",\"itemListElement\":[{\"@type\":\"ListItem\",\"position\":1,\"name\":\"Startseite\",\"item\":\"https:\\\/\\\/trueprojekte.com\\\/foto\\\/\"},{\"@type\":\"ListItem\",\"position\":2,\"name\":\"Impressum\"}]},{\"@type\":\"WebSite\",\"@id\":\"https:\\\/\\\/trueprojekte.com\\\/foto\\\/#website\",\"url\":\"https:\\\/\\\/trueprojekte.com\\\/foto\\\/\",\"name\":\"True Photo\",\"description\":\"Emotionale Portr\u00e4ts, originelle Wandbilder, Bilder wie Sie wollen\",\"publisher\":{\"@id\":\"https:\\\/\\\/trueprojekte.com\\\/foto\\\/#organization\"},\"potentialAction\":[{\"@type\":\"SearchAction\",\"target\":{\"@type\":\"EntryPoint\",\"urlTemplate\":\"https:\\\/\\\/trueprojekte.com\\\/foto\\\/?s={search_term_string}\"},\"query-input\":{\"@type\":\"PropertyValueSpecification\",\"valueRequired\":true,\"valueName\":\"search_term_string\"}}],\"inLanguage\":\"de\"},{\"@type\":\"Organization\",\"@id\":\"https:\\\/\\\/trueprojekte.com\\\/foto\\\/#organization\",\"name\":\"True Photo Zug\",\"url\":\"https:\\\/\\\/trueprojekte.com\\\/foto\\\/\",\"logo\":{\"@type\":\"ImageObject\",\"inLanguage\":\"de\",\"@id\":\"https:\\\/\\\/trueprojekte.com\\\/foto\\\/#\\\/schema\\\/logo\\\/image\\\/\",\"url\":\"https:\\\/\\\/trueprojekte.com\\\/foto\\\/wp-content\\\/uploads\\\/cropped-Dohle_Luzern-105-480x420-Kopie-6.png\",\"contentUrl\":\"https:\\\/\\\/trueprojekte.com\\\/foto\\\/wp-content\\\/uploads\\\/cropped-Dohle_Luzern-105-480x420-Kopie-6.png\",\"width\":512,\"height\":512,\"caption\":\"True Photo Zug\"},\"image\":{\"@id\":\"https:\\\/\\\/trueprojekte.com\\\/foto\\\/#\\\/schema\\\/logo\\\/image\\\/\"},\"sameAs\":[\"https:\\\/\\\/www.facebook.com\\\/true3715\",\"https:\\\/\\\/www.instagram.com\\\/truebilder\"]}]}<\/script>\n<!-- \/ Yoast SEO plugin. -->","yoast_head_json":{"title":"Impressum - Emotionale Portr\u00e4ts, originelle Wandbilder","robots":{"index":"index","follow":"follow","max-snippet":"max-snippet:-1","max-image-preview":"max-image-preview:large","max-video-preview":"max-video-preview:-1"},"canonical":"https:\/\/trueprojekte.com\/foto\/impressum\/","og_locale":"de_DE","og_type":"article","og_title":"Impressum - Emotionale Portr\u00e4ts, originelle Wandbilder","og_description":"Neuigkeiten\u00a0mit Informationen \u00fcber neue Bilder und Angebote werden an Bekannte, Familienmitglieder und Gesch\u00e4ftskontakte versandt. Diese Nutzer k\u00f6nnen dem Empfang der Newsletter jederzeit widersprechen, auch\u00a0in jeder E-Mail. Wir listen\u00a0die Adressaten\u00a0auf, um eine ordnungsgem\u00e4\u00dfe Anmeldung nachweisen zu k\u00f6nnen. Dazu speichern wir im Rahmen der Anmeldung den Anmelde- sowie den Best\u00e4tigungszeitpunkt und die IP-Adresse der Adressaten. Wir erfassen [&hellip;]","og_url":"https:\/\/trueprojekte.com\/foto\/impressum\/","og_site_name":"Emotionale Portr\u00e4ts, originelle Wandbilder","article_publisher":"https:\/\/www.facebook.com\/true3715","article_modified_time":"2020-01-10T17:38:13+00:00","schema":{"@context":"https:\/\/schema.org","@graph":[{"@type":"WebPage","@id":"https:\/\/trueprojekte.com\/foto\/impressum\/","url":"https:\/\/trueprojekte.com\/foto\/impressum\/","name":"Impressum - Emotionale Portr\u00e4ts, originelle Wandbilder","isPartOf":{"@id":"https:\/\/trueprojekte.com\/foto\/#website"},"datePublished":"2016-12-09T16:17:56+00:00","dateModified":"2020-01-10T17:38:13+00:00","breadcrumb":{"@id":"https:\/\/trueprojekte.com\/foto\/impressum\/#breadcrumb"},"inLanguage":"de","potentialAction":[{"@type":"ReadAction","target":["https:\/\/trueprojekte.com\/foto\/impressum\/"]}]},{"@type":"BreadcrumbList","@id":"https:\/\/trueprojekte.com\/foto\/impressum\/#breadcrumb","itemListElement":[{"@type":"ListItem","position":1,"name":"Startseite","item":"https:\/\/trueprojekte.com\/foto\/"},{"@type":"ListItem","position":2,"name":"Impressum"}]},{"@type":"WebSite","@id":"https:\/\/trueprojekte.com\/foto\/#website","url":"https:\/\/trueprojekte.com\/foto\/","name":"True Photo","description":"Emotionale Portr\u00e4ts, originelle Wandbilder, Bilder wie Sie wollen","publisher":{"@id":"https:\/\/trueprojekte.com\/foto\/#organization"},"potentialAction":[{"@type":"SearchAction","target":{"@type":"EntryPoint","urlTemplate":"https:\/\/trueprojekte.com\/foto\/?s={search_term_string}"},"query-input":{"@type":"PropertyValueSpecification","valueRequired":true,"valueName":"search_term_string"}}],"inLanguage":"de"},{"@type":"Organization","@id":"https:\/\/trueprojekte.com\/foto\/#organization","name":"True Photo Zug","url":"https:\/\/trueprojekte.com\/foto\/","logo":{"@type":"ImageObject","inLanguage":"de","@id":"https:\/\/trueprojekte.com\/foto\/#\/schema\/logo\/image\/","url":"https:\/\/trueprojekte.com\/foto\/wp-content\/uploads\/cropped-Dohle_Luzern-105-480x420-Kopie-6.png","contentUrl":"https:\/\/trueprojekte.com\/foto\/wp-content\/uploads\/cropped-Dohle_Luzern-105-480x420-Kopie-6.png","width":512,"height":512,"caption":"True Photo Zug"},"image":{"@id":"https:\/\/trueprojekte.com\/foto\/#\/schema\/logo\/image\/"},"sameAs":["https:\/\/www.facebook.com\/true3715","https:\/\/www.instagram.com\/truebilder"]}]}},"_links":{"self":[{"href":"https:\/\/trueprojekte.com\/foto\/wp-json\/wp\/v2\/pages\/3365","targetHints":{"allow":["GET"]}}],"collection":[{"href":"https:\/\/trueprojekte.com\/foto\/wp-json\/wp\/v2\/pages"}],"about":[{"href":"https:\/\/trueprojekte.com\/foto\/wp-json\/wp\/v2\/types\/page"}],"author":[{"embeddable":true,"href":"https:\/\/trueprojekte.com\/foto\/wp-json\/wp\/v2\/users\/2"}],"replies":[{"embeddable":true,"href":"https:\/\/trueprojekte.com\/foto\/wp-json\/wp\/v2\/comments?post=3365"}],"version-history":[{"count":0,"href":"https:\/\/trueprojekte.com\/foto\/wp-json\/wp\/v2\/pages\/3365\/revisions"}],"wp:attachment":[{"href":"https:\/\/trueprojekte.com\/foto\/wp-json\/wp\/v2\/media?parent=3365"}],"curies":[{"name":"wp","href":"https:\/\/api.w.org\/{rel}","templated":true}]}}